{"id":4399,"date":"2019-11-19T18:31:33","date_gmt":"2019-11-19T17:31:33","guid":{"rendered":"https:\/\/gruptort.com\/cookies\/"},"modified":"2020-06-01T14:27:49","modified_gmt":"2020-06-01T12:27:49","slug":"cookies","status":"publish","type":"page","link":"https:\/\/gruptort.com\/ca\/cookies\/","title":{"rendered":"Informaci\u00f3 sobre cookies"},"content":{"rendered":"<p><div class=\"fusion-fullwidth fullwidth-box fusion-builder-row-1 fusion-parallax-none hundred-percent-fullwidth non-hundred-percent-height-scrolling fusion-no-small-visibility lazyload\" style=\"--awb-background-blend-mode:overlay;--awb-border-radius-top-left:0px;--awb-border-radius-top-right:0px;--awb-border-radius-bottom-right:0px;--awb-border-radius-bottom-left:0px;--awb-padding-top:3%;--awb-padding-right:3%;--awb-padding-bottom:0px;--awb-padding-left:3%;--awb-margin-bottom:0px;--awb-background-color:#6b0713;--awb-background-size:cover;--awb-flex-wrap:wrap;\" data-bg=\"\/wp-content\/uploads\/Slider_sobrenosotros_02.jpg\" ><div class=\"fusion-builder-row fusion-row\"><div class=\"fusion-layout-column fusion_builder_column fusion-builder-column-0 fusion_builder_column_1_1 1_1 fusion-one-full fusion-column-first fusion-column-last\" style=\"--awb-bg-size:cover;\"><div class=\"fusion-column-wrapper fusion-column-has-shadow fusion-flex-column-wrapper-legacy\"><div class=\"fusion-title title fusion-title-1 fusion-sep-none fusion-title-center fusion-title-text fusion-title-size-one\" style=\"--awb-margin-top-small:0px;--awb-margin-right-small:0px;--awb-margin-bottom-small:20px;--awb-margin-left-small:0px;\"><h1 class=\"fusion-title-heading title-heading-center fusion-responsive-typography-calculated\" style=\"margin:0;--fontSize:35;line-height:1.40;\"><h1><span style=\"color: #ffffff;\"> Informaci\u00f3 sobre cookies <\/span><\/h1><\/h1><\/div><div class=\"fusion-sep-clear\"><\/div><div class=\"fusion-separator\" style=\"margin-left: auto;margin-right: auto;margin-top:1%;margin-bottom:1%;width:100%;max-width:50%;\"><div class=\"fusion-separator-border sep-shadow\" style=\"--awb-height:20px;--awb-amount:20px;--awb-sep-color:#ffffff;background:radial-gradient(ellipse at 50% -50% , #ffffff 0px, rgba(255, 255, 255, 0) 80%) repeat scroll 0 0 rgba(0, 0, 0, 0);background:-webkit-radial-gradient(ellipse at 50% -50% , #ffffff 0px, rgba(255, 255, 255, 0) 80%) repeat scroll 0 0 rgba(0, 0, 0, 0);background:-moz-radial-gradient(ellipse at 50% -50% , #ffffff 0px, rgba(255, 255, 255, 0) 80%) repeat scroll 0 0 rgba(0, 0, 0, 0);background:-o-radial-gradient(ellipse at 50% -50% , #ffffff 0px, rgba(255, 255, 255, 0) 80%) repeat scroll 0 0 rgba(0, 0, 0, 0);\"><\/div><\/div><div class=\"fusion-sep-clear\"><\/div><div class=\"fusion-clearfix\"><\/div><\/div><\/div><div class=\"fusion-layout-column fusion_builder_column fusion-builder-column-1 fusion_builder_column_1_1 1_1 fusion-one-full fusion-column-first fusion-column-last\" style=\"--awb-bg-size:cover;\"><div class=\"fusion-column-wrapper fusion-column-has-shadow fusion-flex-column-wrapper-legacy\"><div class=\"fusion-section-separator section-separator big-half-circle fusion-section-separator-1\" style=\"--awb-spacer-height:99px;--awb-svg-margin-left:0;--awb-svg-margin-right:0;--awb-divider-height:99px;--awb-spacer-padding-top:inherit;--awb-sep-padding:0;--awb-svg-padding:0;\"><div class=\"fusion-section-separator-svg\"><svg class=\"fusion-big-half-circle-candy\" xmlns=\"http:\/\/www.w3.org\/2000\/svg\" version=\"1.1\" width=\"100%\" height=\"100\" viewBox=\"0 0 100 100\" preserveAspectRatio=\"none\" fill=\"rgba(255,255,255,1)\"><path d=\"M0 100 C40 0 60 0 100 100 Z\"><\/path><\/svg><\/div><div class=\"fusion-section-separator-spacer\"><div class=\"fusion-section-separator-spacer-height\"><\/div><\/div><\/div><div class=\"fusion-clearfix\"><\/div><\/div><\/div><\/div><\/div><div class=\"fusion-fullwidth fullwidth-box fusion-builder-row-2 nonhundred-percent-fullwidth non-hundred-percent-height-scrolling mobile\" style=\"--awb-border-radius-top-left:0px;--awb-border-radius-top-right:0px;--awb-border-radius-bottom-right:0px;--awb-border-radius-bottom-left:0px;--awb-padding-top:5%;--awb-padding-right:0px;--awb-padding-bottom:5%;--awb-padding-left:0px;--awb-flex-wrap:wrap;\" ><div class=\"fusion-builder-row fusion-row\"><div class=\"fusion-layout-column fusion_builder_column fusion-builder-column-2 fusion_builder_column_1_1 1_1 fusion-one-full fusion-column-first fusion-column-last phone\" style=\"--awb-bg-size:cover;\"><div class=\"fusion-column-wrapper fusion-column-has-shadow fusion-flex-column-wrapper-legacy\"><div class=\"fusion-text fusion-text-1 justificado\"><h3>\u00das de cookies<\/h3>\n<p>Al nostre lloc web fer servir cookies pr\u00f2pies i tercers (Google Analytics) per millorar la teva experi\u00e8ncia d\u2019usuari i recollir dades estad\u00edstiques sobre l\u2019\u00fas del nostre web per part dels usuaris. Les cookies s\u2019associen \u00fanicament al navegador que est\u00e0 fent servir, de manera que no s\u2019emmagatzema cap tipus de dada personal sobre l\u2019usuari que visita la nostra p\u00e0gina web. Vost\u00e8 pot configurar el seu navegador perqu\u00e8 notifiqui i\/o rebutgi la instal\u00b7laci\u00f3 de les cookies, sense que aix\u00f2 perjudiqui la possibilitat de poder accedir a les diferents zones de la web, excepte al servei de xat de suport t\u00e8cnic.<\/p>\n<p>Si navegues per la nostra web estar\u00e0s acceptant l\u2019\u00fas de les cookies en les condicions establertes en aquesta <strong>Pol\u00edtica de Cookies.<\/strong> Aquesta pol\u00edtica pot ser actualitzada, de manera que et convidem a revisar-la de forma regular.<\/p>\n<h3>Qu\u00e8 s\u00f3n les cookies?<\/h3>\n<p>S\u00f3n petits fitxers de dades que el servidor d\u2019Internet envia al dispositiu amb el qual et connectes a le nostra web i que aquest arxiva. S\u2019associen \u00fanicament al teu navegador i no proporcionen per si mateixos dades personals. Les cookies no poden danyar el dispositiu i a m\u00e9s s\u00f3n molt \u00fatils, ja que ens ajuden a identificar i resoldre errors.<\/p>\n<p>SSi vols m\u00e9s informaci\u00f3 sobre el seu funcionament, et recomanem visitar <a href=\"http:\/\/www.allaboutcookies.org\" target=\"_blank\" rel=\"noopener noreferrer\"><strong>www.allaboutcookies.org <\/strong><\/a>i <a href=\"http:\/\/www.youronlinechoices.eu\/es\/\" target=\"_blank\" rel=\"noopener noreferrer\"><strong>www.youronlinechoices.eu<\/strong><\/a><\/p>\n<h3>Cookies de xarxes socials<\/h3>\n<p>A la nostra p\u00e0gina web s\u2019inclouen botons que els usuaris poden fer sevir, de forma senzilla i intu\u00eftiva, per enlla\u00e7ar i compartir certs continguts a les xarxes socials com ara Facebook, Twitter, Google+, LinkedIn o Pinterest. Aquesta funcionalitat comporta l\u2019\u00fas de cookies que enllacen amb les p\u00e0gines web d\u2019aquestes xarxes socials, emmagatzemant la informaci\u00f3 \u00fanicament en elles.<\/p>\n<h3>Configuraci\u00f3 de les cookies<\/h3>\n<p>Pots consultar els passos per desactivar la instal\u00b7laci\u00f3 de cookies en la secci\u00f3 \u201cAjuda\u201d del navegador: Microsoft Internet Explorer, Google Chrome, Safari, Mozilla Firefox i Opera.<\/p>\n<p>Molts navegadors permeten activar una manera de navegaci\u00f3 privada, mitjan\u00e7ant la qual les cookies s\u2019esborren sempre despr\u00e9s de la teva visita al web. Depenent de cada navegador aquesta manera de navegaci\u00f3 privada pot tenir diferents noms. A continuaci\u00f3 trobareu una llista dels navegadors m\u00e9s comuns i els diferents noms d\u2019aquest \u201cmode privat\u201d:<\/p>\n<ul>\n<li>Internet Explorer 8 i superior \u2013 InPrivate<\/li>\n<li>Microsoft Edge<\/li>\n<li>Opera 10.5 i superior \u2013 Navegaci\u00f3 Privada<\/li>\n<li>Google Chrome 10 i superior \u2013 Inc\u00f2gnit<\/li>\n<li>Safari 2 i superior \u2013 Navegaci\u00f3 Privada<\/li>\n<li>Firefox 3.5 i superior \u2013 Navegaci\u00f3 Privada<\/li>\n<\/ul>\n<p>A continuaci\u00f3 us detallem la relaci\u00f3 de cookies utilitzades per aquest lloc web.<\/p>\n<table class=\"tabla table\">\n<thead>\n<tr>\n<th>Cookie<\/th>\n<th>Tipus<\/th>\n<th>Duraci\u00f3<\/th>\n<th>Descripci\u00f3<\/th>\n<\/tr>\n<\/thead>\n<tbody>\n<tr>\n<td>qsaw<\/td>\n<td>Pr\u00f2pia<\/td>\n<td>3 dies<\/td>\n<td>Control d&#8217;accessos des de Google Adwords<\/td>\n<\/tr>\n<tr>\n<td>qsfb<\/td>\n<td>Pr\u00f2pia<\/td>\n<td>3 dies<\/td>\n<td>Control d&#8217;accessos des de Facebook<\/td>\n<\/tr>\n<tr>\n<td>_utmc<\/td>\n<td>De tercers<\/td>\n<td>En finalitzar la sessi\u00f3 de navegaci\u00f3<\/td>\n<td>Utilitzada per Google Analytics.<\/td>\n<\/tr>\n<tr>\n<td>_utmv<\/td>\n<td>De tercers<\/td>\n<td>6 mesos<\/td>\n<td>Utilitzada per Google Analytics<\/td>\n<\/tr>\n<tr>\n<td>_utmz<\/td>\n<td>De tercers<\/td>\n<td>2 anys<\/td>\n<td>Utilitzada per Google Analytics<\/td>\n<\/tr>\n<tr>\n<td>__utma<\/td>\n<td>De tercers<\/td>\n<td>2 anys<\/td>\n<td>Utilitzada per Google Analytics.<\/td>\n<\/tr>\n<tr>\n<td>__utmb<\/td>\n<td>De tercers<\/td>\n<td>30 minuts<\/td>\n<td>Utilitzada per Google Analytics.<\/td>\n<\/tr>\n<\/tbody>\n<\/table>\n<p><strong>M\u00c9S INFORMACI\u00d3<\/strong><\/p>\n<ul>\n<li><a href=\"\/ca\/avis-legal\/\">Av\u00eds legal<\/a><\/li>\n<li><a href=\"\/ca\/politica-de-privacitat\/\">Pol\u00edtica de privacitat<\/a><\/li>\n<\/ul>\n<\/div><div class=\"fusion-clearfix\"><\/div><\/div><\/div><\/div><\/div><\/p>\n","protected":false},"excerpt":{"rendered":"","protected":false},"author":1,"featured_media":0,"parent":0,"menu_order":0,"comment_status":"closed","ping_status":"closed","template":"100-width.php","meta":{"footnotes":""},"class_list":["post-4399","page","type-page","status-publish","hentry"],"yoast_head":"<!-- This site is optimized with the Yoast SEO plugin v27.3 - https:\/\/yoast.com\/product\/yoast-seo-wordpress\/ -->\n<title>Informaci\u00f3n de las Cookies<\/title>\n<meta name=\"description\" content=\"Informaci\u00f3n de las cookies web grup Tort S.A\" \/>\n<meta name=\"robots\" content=\"index, follow, max-snippet:-1, max-image-preview:large, max-video-preview:-1\" \/>\n<link rel=\"canonical\" href=\"https:\/\/gruptort.com\/ca\/cookies\/\" \/>\n<meta property=\"og:locale\" content=\"ca_ES\" \/>\n<meta property=\"og:type\" content=\"article\" \/>\n<meta property=\"og:title\" content=\"Informaci\u00f3n de las Cookies\" \/>\n<meta property=\"og:description\" content=\"Informaci\u00f3n de las cookies web grup Tort S.A\" \/>\n<meta property=\"og:url\" content=\"https:\/\/gruptort.com\/ca\/cookies\/\" \/>\n<meta property=\"og:site_name\" content=\"Grup Tort\" \/>\n<meta property=\"article:modified_time\" content=\"2020-06-01T12:27:49+00:00\" \/>\n<meta name=\"twitter:card\" content=\"summary_large_image\" \/>\n<meta name=\"twitter:label1\" content=\"Temps estimat de lectura\" \/>\n\t<meta name=\"twitter:data1\" content=\"8 minuts\" \/>\n<script type=\"application\/ld+json\" class=\"yoast-schema-graph\">{\"@context\":\"https:\\\/\\\/schema.org\",\"@graph\":[{\"@type\":\"WebPage\",\"@id\":\"https:\\\/\\\/gruptort.com\\\/ca\\\/cookies\\\/\",\"url\":\"https:\\\/\\\/gruptort.com\\\/ca\\\/cookies\\\/\",\"name\":\"Informaci\u00f3n de las Cookies\",\"isPartOf\":{\"@id\":\"https:\\\/\\\/gruptort.com\\\/#website\"},\"datePublished\":\"2019-11-19T17:31:33+00:00\",\"dateModified\":\"2020-06-01T12:27:49+00:00\",\"description\":\"Informaci\u00f3n de las cookies web grup Tort S.A\",\"breadcrumb\":{\"@id\":\"https:\\\/\\\/gruptort.com\\\/ca\\\/cookies\\\/#breadcrumb\"},\"inLanguage\":\"ca\",\"potentialAction\":[{\"@type\":\"ReadAction\",\"target\":[\"https:\\\/\\\/gruptort.com\\\/ca\\\/cookies\\\/\"]}]},{\"@type\":\"BreadcrumbList\",\"@id\":\"https:\\\/\\\/gruptort.com\\\/ca\\\/cookies\\\/#breadcrumb\",\"itemListElement\":[{\"@type\":\"ListItem\",\"position\":1,\"name\":\"Home\",\"item\":\"https:\\\/\\\/gruptort.com\\\/ca\\\/\"},{\"@type\":\"ListItem\",\"position\":2,\"name\":\"Informaci\u00f3 sobre cookies\"}]},{\"@type\":\"WebSite\",\"@id\":\"https:\\\/\\\/gruptort.com\\\/#website\",\"url\":\"https:\\\/\\\/gruptort.com\\\/\",\"name\":\"Grup Tort\",\"description\":\"\",\"publisher\":{\"@id\":\"https:\\\/\\\/gruptort.com\\\/#organization\"},\"potentialAction\":[{\"@type\":\"SearchAction\",\"target\":{\"@type\":\"EntryPoint\",\"urlTemplate\":\"https:\\\/\\\/gruptort.com\\\/?s={search_term_string}\"},\"query-input\":{\"@type\":\"PropertyValueSpecification\",\"valueRequired\":true,\"valueName\":\"search_term_string\"}}],\"inLanguage\":\"ca\"},{\"@type\":\"Organization\",\"@id\":\"https:\\\/\\\/gruptort.com\\\/#organization\",\"name\":\"Grup Tort\",\"url\":\"https:\\\/\\\/gruptort.com\\\/\",\"logo\":{\"@type\":\"ImageObject\",\"inLanguage\":\"ca\",\"@id\":\"https:\\\/\\\/gruptort.com\\\/#\\\/schema\\\/logo\\\/image\\\/\",\"url\":\"https:\\\/\\\/gruptort.com\\\/wp-content\\\/uploads\\\/tort-144.png\",\"contentUrl\":\"https:\\\/\\\/gruptort.com\\\/wp-content\\\/uploads\\\/tort-144.png\",\"width\":144,\"height\":125,\"caption\":\"Grup Tort\"},\"image\":{\"@id\":\"https:\\\/\\\/gruptort.com\\\/#\\\/schema\\\/logo\\\/image\\\/\"}}]}<\/script>\n<!-- \/ Yoast SEO plugin. -->","yoast_head_json":{"title":"Informaci\u00f3n de las Cookies","description":"Informaci\u00f3n de las cookies web grup Tort S.A","robots":{"index":"index","follow":"follow","max-snippet":"max-snippet:-1","max-image-preview":"max-image-preview:large","max-video-preview":"max-video-preview:-1"},"canonical":"https:\/\/gruptort.com\/ca\/cookies\/","og_locale":"ca_ES","og_type":"article","og_title":"Informaci\u00f3n de las Cookies","og_description":"Informaci\u00f3n de las cookies web grup Tort S.A","og_url":"https:\/\/gruptort.com\/ca\/cookies\/","og_site_name":"Grup Tort","article_modified_time":"2020-06-01T12:27:49+00:00","twitter_card":"summary_large_image","twitter_misc":{"Temps estimat de lectura":"8 minuts"},"schema":{"@context":"https:\/\/schema.org","@graph":[{"@type":"WebPage","@id":"https:\/\/gruptort.com\/ca\/cookies\/","url":"https:\/\/gruptort.com\/ca\/cookies\/","name":"Informaci\u00f3n de las Cookies","isPartOf":{"@id":"https:\/\/gruptort.com\/#website"},"datePublished":"2019-11-19T17:31:33+00:00","dateModified":"2020-06-01T12:27:49+00:00","description":"Informaci\u00f3n de las cookies web grup Tort S.A","breadcrumb":{"@id":"https:\/\/gruptort.com\/ca\/cookies\/#breadcrumb"},"inLanguage":"ca","potentialAction":[{"@type":"ReadAction","target":["https:\/\/gruptort.com\/ca\/cookies\/"]}]},{"@type":"BreadcrumbList","@id":"https:\/\/gruptort.com\/ca\/cookies\/#breadcrumb","itemListElement":[{"@type":"ListItem","position":1,"name":"Home","item":"https:\/\/gruptort.com\/ca\/"},{"@type":"ListItem","position":2,"name":"Informaci\u00f3 sobre cookies"}]},{"@type":"WebSite","@id":"https:\/\/gruptort.com\/#website","url":"https:\/\/gruptort.com\/","name":"Grup Tort","description":"","publisher":{"@id":"https:\/\/gruptort.com\/#organization"},"potentialAction":[{"@type":"SearchAction","target":{"@type":"EntryPoint","urlTemplate":"https:\/\/gruptort.com\/?s={search_term_string}"},"query-input":{"@type":"PropertyValueSpecification","valueRequired":true,"valueName":"search_term_string"}}],"inLanguage":"ca"},{"@type":"Organization","@id":"https:\/\/gruptort.com\/#organization","name":"Grup Tort","url":"https:\/\/gruptort.com\/","logo":{"@type":"ImageObject","inLanguage":"ca","@id":"https:\/\/gruptort.com\/#\/schema\/logo\/image\/","url":"https:\/\/gruptort.com\/wp-content\/uploads\/tort-144.png","contentUrl":"https:\/\/gruptort.com\/wp-content\/uploads\/tort-144.png","width":144,"height":125,"caption":"Grup Tort"},"image":{"@id":"https:\/\/gruptort.com\/#\/schema\/logo\/image\/"}}]}},"_links":{"self":[{"href":"https:\/\/gruptort.com\/ca\/wp-json\/wp\/v2\/pages\/4399","targetHints":{"allow":["GET"]}}],"collection":[{"href":"https:\/\/gruptort.com\/ca\/wp-json\/wp\/v2\/pages"}],"about":[{"href":"https:\/\/gruptort.com\/ca\/wp-json\/wp\/v2\/types\/page"}],"author":[{"embeddable":true,"href":"https:\/\/gruptort.com\/ca\/wp-json\/wp\/v2\/users\/1"}],"replies":[{"embeddable":true,"href":"https:\/\/gruptort.com\/ca\/wp-json\/wp\/v2\/comments?post=4399"}],"version-history":[{"count":5,"href":"https:\/\/gruptort.com\/ca\/wp-json\/wp\/v2\/pages\/4399\/revisions"}],"predecessor-version":[{"id":4771,"href":"https:\/\/gruptort.com\/ca\/wp-json\/wp\/v2\/pages\/4399\/revisions\/4771"}],"wp:attachment":[{"href":"https:\/\/gruptort.com\/ca\/wp-json\/wp\/v2\/media?parent=4399"}],"curies":[{"name":"wp","href":"https:\/\/api.w.org\/{rel}","templated":true}]}}