{"id":4393,"date":"2019-11-19T18:25:07","date_gmt":"2019-11-19T17:25:07","guid":{"rendered":"https:\/\/gruptort.com\/politica-privacidad\/"},"modified":"2026-03-09T08:44:33","modified_gmt":"2026-03-09T07:44:33","slug":"politica-de-privacitat","status":"publish","type":"page","link":"https:\/\/gruptort.com\/ca\/politica-de-privacitat\/","title":{"rendered":"Pol\u00edtica de privacitat"},"content":{"rendered":"<p><div class=\"fusion-fullwidth fullwidth-box fusion-builder-row-1 fusion-parallax-none hundred-percent-fullwidth non-hundred-percent-height-scrolling fusion-no-small-visibility lazyload\" style=\"--awb-background-blend-mode:overlay;--awb-border-radius-top-left:0px;--awb-border-radius-top-right:0px;--awb-border-radius-bottom-right:0px;--awb-border-radius-bottom-left:0px;--awb-padding-top:3%;--awb-padding-right:3%;--awb-padding-bottom:0px;--awb-padding-left:3%;--awb-margin-bottom:0px;--awb-background-color:#6b0713;--awb-background-size:cover;--awb-flex-wrap:wrap;\" data-bg=\"\/wp-content\/uploads\/Slider_sobrenosotros_02.jpg\" ><div class=\"fusion-builder-row fusion-row\"><div class=\"fusion-layout-column fusion_builder_column fusion-builder-column-0 fusion_builder_column_1_1 1_1 fusion-one-full fusion-column-first fusion-column-last\" style=\"--awb-bg-size:cover;\"><div class=\"fusion-column-wrapper fusion-column-has-shadow fusion-flex-column-wrapper-legacy\"><div class=\"fusion-title title fusion-title-1 fusion-sep-none fusion-title-center fusion-title-text fusion-title-size-one\" style=\"--awb-margin-top-small:0px;--awb-margin-right-small:0px;--awb-margin-bottom-small:20px;--awb-margin-left-small:0px;\"><h1 class=\"fusion-title-heading title-heading-center fusion-responsive-typography-calculated\" style=\"margin:0;--fontSize:35;line-height:1.40;\"><h1><span style=\"color: #ffffff;\"> Pol\u00edtica de privacitat <\/span><\/h1><\/h1><\/div><div class=\"fusion-sep-clear\"><\/div><div class=\"fusion-separator\" style=\"margin-left: auto;margin-right: auto;margin-top:1%;margin-bottom:1%;width:100%;max-width:50%;\"><div class=\"fusion-separator-border sep-shadow\" style=\"--awb-height:20px;--awb-amount:20px;--awb-sep-color:#ffffff;background:radial-gradient(ellipse at 50% -50% , #ffffff 0px, rgba(255, 255, 255, 0) 80%) repeat scroll 0 0 rgba(0, 0, 0, 0);background:-webkit-radial-gradient(ellipse at 50% -50% , #ffffff 0px, rgba(255, 255, 255, 0) 80%) repeat scroll 0 0 rgba(0, 0, 0, 0);background:-moz-radial-gradient(ellipse at 50% -50% , #ffffff 0px, rgba(255, 255, 255, 0) 80%) repeat scroll 0 0 rgba(0, 0, 0, 0);background:-o-radial-gradient(ellipse at 50% -50% , #ffffff 0px, rgba(255, 255, 255, 0) 80%) repeat scroll 0 0 rgba(0, 0, 0, 0);\"><\/div><\/div><div class=\"fusion-sep-clear\"><\/div><div class=\"fusion-clearfix\"><\/div><\/div><\/div><div class=\"fusion-layout-column fusion_builder_column fusion-builder-column-1 fusion_builder_column_1_1 1_1 fusion-one-full fusion-column-first fusion-column-last\" style=\"--awb-bg-size:cover;\"><div class=\"fusion-column-wrapper fusion-column-has-shadow fusion-flex-column-wrapper-legacy\"><div class=\"fusion-section-separator section-separator big-half-circle fusion-section-separator-1\" style=\"--awb-spacer-height:99px;--awb-svg-margin-left:0;--awb-svg-margin-right:0;--awb-divider-height:99px;--awb-spacer-padding-top:inherit;--awb-sep-padding:0;--awb-svg-padding:0;\"><div class=\"fusion-section-separator-svg\"><svg class=\"fusion-big-half-circle-candy\" xmlns=\"http:\/\/www.w3.org\/2000\/svg\" version=\"1.1\" width=\"100%\" height=\"100\" viewBox=\"0 0 100 100\" preserveAspectRatio=\"none\" fill=\"rgba(255,255,255,1)\"><path d=\"M0 100 C40 0 60 0 100 100 Z\"><\/path><\/svg><\/div><div class=\"fusion-section-separator-spacer\"><div class=\"fusion-section-separator-spacer-height\"><\/div><\/div><\/div><div class=\"fusion-clearfix\"><\/div><\/div><\/div><\/div><\/div><div class=\"fusion-fullwidth fullwidth-box fusion-builder-row-2 nonhundred-percent-fullwidth non-hundred-percent-height-scrolling mobile\" style=\"--awb-border-radius-top-left:0px;--awb-border-radius-top-right:0px;--awb-border-radius-bottom-right:0px;--awb-border-radius-bottom-left:0px;--awb-padding-top:5%;--awb-padding-right:0px;--awb-padding-bottom:5%;--awb-padding-left:0px;--awb-flex-wrap:wrap;\" ><div class=\"fusion-builder-row fusion-row\"><div class=\"fusion-layout-column fusion_builder_column fusion-builder-column-2 fusion_builder_column_1_1 1_1 fusion-one-full fusion-column-first fusion-column-last phone\" style=\"--awb-bg-size:cover;\"><div class=\"fusion-column-wrapper fusion-column-has-shadow fusion-flex-column-wrapper-legacy\"><div class=\"fusion-text fusion-text-1 justificado\"><h3><strong>POL\u00cdTICA DE PRIVACITAT<\/strong><\/h3>\n<p><strong>TORT, SA,<\/strong>, mitjan\u00e7ant la present Pol\u00edtica de Privacitat informas als USUARIS del lloc web sobre la seva pol\u00edtica respecte al tractament i protecci\u00f3 de les dades de car\u00e0cter personal dels usuaris i clients que puguin ser recaptats per la navegaci\u00f3 o la contractaci\u00f3 de serveis a trav\u00e9s del nostre lloc web.<\/p>\n<p>En aquest sentit, <strong>TORT, SA, <\/strong>l\u2019informa de que les seves dades seran tractades de conformitat amb les normatives vigents respecte a la pol\u00edtica de privacitat, d\u2019acord amb el que s\u2019estableix en el Reglament (UE) 2016\/679 de 27 d\u2019abril de 2016 (RGPD).<\/p>\n<p>L\u2019\u00fas d\u2019aquesta p\u00e0gina web implica l\u2019acceptaci\u00f3 de d\u2019aquesta pol\u00edtica de privacitat.<\/p>\n<p><strong>Responsable del Tractament<\/strong><\/p>\n<p><strong>TORT, SA, <\/strong>\u00e9s titular de la p\u00e0gina web gruptort.com<\/p>\n<p>Domicili social: <strong>Avda. Castell de Barber\u00e0, 20, 08210 Barber\u00e0 del Vall\u00e9s BARCELONA<\/strong><\/p>\n<p>Tel\u00e8fon: <strong>+34 93 564 35 11<\/strong><\/p>\n<p>Correu electr\u00f2nic: <a href=\"mailto:protecciondatos@gruptort.com\">protecciondedatos@gruptort.com<\/a><\/p>\n<p>CIF A082280017<\/p>\n<p><strong>1. Obtenci\u00f3 de dades<\/strong><\/p>\n<p><strong>TORT, SA,\u00a0<\/strong>informa que les dades que s\u2019obtenen a trav\u00e9s de la nostra p\u00e0gina web, els formularis de la mateixa i els rebuts per correu electr\u00f2nic s\u00f3n aquells que se\u2019ns faciliten volunt\u00e0riament per l\u2019usuari, els que es deriven de relacions i comunicacions amb l\u2019empresa i informaci\u00f3 que sigui leg\u00edtimament extra\u00efble de les dades que tractem.<\/p>\n<p>De la mateixa forma, tamb\u00e9 obtenim dades a trav\u00e9s d\u2019informaci\u00f3 de tercers que ens proporcioni el propi usuari o terceres persones previ consentiment d\u2019aquest, existint una base lleg\u00edtima.<\/p>\n<p><strong>2. Finalitat de l\u2019obtenci\u00f3 i recollida de dades<\/strong><\/p>\n<p><strong>TORT, SA,\u00a0<\/strong>tractar\u00e0 les dades que li siguin facilitades amb l\u2019objectiu d\u2019oferir-li el productes i\/o serveis que ens hagi contractat, gestionar les seves consultes o peticions i qualsevol altre sup\u00f2sit que sigui necessari per a cumplir les relacions comercials que mantingui amb nosaltres.<\/p>\n<p>Aix\u00ed mateix, tamb\u00e9 es tractaran les dades per a remetre-li comunicacions comercials, sempre amb el seu consentiment previ, aix\u00ed com per a analitzar h\u00e0bits de navegaci\u00f3.<\/p>\n<p>En cas de voler formar part de l\u2019equip <strong>TORT, SA, <\/strong>es tractaran les dades dels usuaris i la documentaci\u00f3 que ens sigui facilitada amb la finalitat de valorar el perfil del\/de la candidat\/a i considerar-lo per a possibles vacants en l\u2019empresa.<\/p>\n<p><strong>3. Tractament de dades<\/strong><\/p>\n<p>De conformitat amb la normativa aplicable, <strong>TORT, SA,\u00a0<\/strong>es compromet a tracta les dades a les quals tingui acc\u00e9s aplicant les mesures t\u00e8cniques, preventives i organitzatives adequades. D\u2019aquesta manera garantitzem el m\u00e0xim nivell de seguretat i uns nivells de confidencialitat, integritat i disponibilitat \u00f2ptims dels serveis i sistemes de tractament de dades.<\/p>\n<p><strong>4. Comunicaci\u00f3 d\u2019informaci\u00f3 a tercers<\/strong><\/p>\n<p><strong>TORT, SA, <\/strong>informa als usuaris de que les seves dades personals no seran cedides a terceres organitzacions, amb l\u2019excepci\u00f3 de que aquesta cessi\u00f3 de dades estigui emparada en una obligaci\u00f3 legal o quan la prestaci\u00f3 d\u2019un servei impliqui la necessitat d\u2019una relaci\u00f3 contractual amb un encarregat de tractament. En aquest \u00faltim cas, nom\u00e9s es dur\u00e0 a terme la cessi\u00f3 de dades al tercer quan <strong>TORT, SA, <\/strong>disposi del consentiment expr\u00e9s de l\u2019usuari.<\/p>\n<p>\u00c9s possible que alguns dels nostres prove\u00efdors, per exemple Google, processin dades fora de les fronteres de la Uni\u00f3 Europea. En aquests casos, exigim al prove\u00efdor estar adscrit a un protocol d\u2019adequaci\u00f3 de protecci\u00f3 de dades aprovat per la Uni\u00f3 Europea.<\/p>\n<p><strong>5. Temps de conservaci\u00f3 de les dades<\/strong><\/p>\n<p><strong>TORT, SA, <\/strong>conservar\u00e0 totes les dades de l\u2019usuari fins al momento en el qual se sol\u00b7liciti expressament la seva supressi\u00f3 o, per contra, fins que acabi la relaci\u00f3 empresarial que mantingui amb la nostra empresa- En aquest cas, les dades se suprimiran quan quedin complerts els termes legals previstos.<\/p>\n<p><strong>6. Drets dels usuaris<\/strong><\/p>\n<p>Vost\u00e8 sempre podr\u00e0 exercir els drets d\u2019acc\u00e9s, rectificaci\u00f3, supressi\u00f3, limitaci\u00f3, oposici\u00f3 i portabiltat d\u2019acord amb el que es preveu en la normativa legal vigent en mat\u00e8ria de pol\u00edtica de privacitat.<\/p>\n<p>Pe a fer \u00fas d\u2019aquests drets, haur\u00e0 de dirigir-se mitjan\u00e7ant comunicaci\u00f3 escrita, aportant documentaci\u00f3 que acrediti la seva identitat (DNI o passaport), a la seg\u00fcent direcci\u00f3:<\/p>\n<p><strong>TORT, SA, Avda. Castell de Barber\u00e0, 20, 08210 Barber\u00e0 del Vall\u00e9s BARCELONA.<\/strong><\/p>\n<p>o mitjan\u00e7ant correu electr\u00f2nic: <a href=\"mailto:protecciondatos@gruptort.com\">protecciondedatos@gruptort.com<\/a><\/p>\n<p>Aquesta comunicaci\u00f3 haur\u00e0 d\u2019indicar de forma clara i concisa les seves dades identificatives i acreditatives, aix\u00ed com la sol\u00b7licitud respecte a les seves dades.<\/p>\n<p><strong>7. Responsabilitats dels usuaris<\/strong><\/p>\n<p>L\u2019usuari es responsabilitza de que totes les dades que es facilitin i s\u2019envi\u00efn a <strong>TORT, SA, <\/strong>s\u00f3n veraces, exactes, actualitzades, vigents i aut\u00e8ntiques.<\/p>\n<p>Aix\u00ed mateix, tamb\u00e9 \u00e9s responsable del consentiment que es d\u00f3na a la empresa per al seu tractament i utilitzaci\u00f3. De la mateixa forma, l\u2019usuari es fa responsable de les dades de tercers que ens pugui facilitar, respecte als quals est\u00e0 obligat a tenir consentiment expr\u00e9s.<\/p>\n<p><strong>8. Legislaci\u00f3 i jurisdicci\u00f3<\/strong><\/p>\n<p>El fet d\u2019entrar en el lloc web i en les aplicacions de <strong>TORT, SA, <\/strong>implica l\u2019acceptaci\u00f3 de les condicions disposades en la present Pol\u00edtica de Privacitat. En cas de no acceptar aquestes condions, haur\u00e0 d\u2019evitar utilitzar i visitar la nostra p\u00e0gna web.<\/p>\n<p>Tot tipus d\u2019inconvenient i controv\u00e8rsia que pogu\u00e9s donar-se, es regir\u00e0 per la legislaci\u00f3 espanyola i se sotmetr\u00e0 als Jutjats i Tribunals de la ciutat m\u00e9s propera al domicili social de <strong>TORT, SA,<\/strong><\/p>\n<p><strong>M\u00c9S INFORMACI\u00d3<\/strong><\/p>\n<ul>\n<li><a href=\"https:\/\/gruptort.com\/ca\/avis-legal\/\">Av\u00eds legal<\/a><\/li>\n<li><a href=\"https:\/\/gruptort.com\/ca\/cookies\/\">Informaci\u00f3 sobre cookies<\/a><\/li>\n<\/ul>\n<\/div><div class=\"fusion-clearfix\"><\/div><\/div><\/div><\/div><\/div><\/p>\n","protected":false},"excerpt":{"rendered":"","protected":false},"author":1,"featured_media":0,"parent":0,"menu_order":0,"comment_status":"closed","ping_status":"closed","template":"100-width.php","meta":{"footnotes":""},"class_list":["post-4393","page","type-page","status-publish","hentry"],"yoast_head":"<!-- This site is optimized with the Yoast SEO plugin v27.3 - https:\/\/yoast.com\/product\/yoast-seo-wordpress\/ -->\n<title>Pol\u00edtica de privacitat<\/title>\n<meta name=\"description\" content=\"Pol\u00edtica de privacitat del Grup Tort.\" \/>\n<meta name=\"robots\" content=\"index, follow, max-snippet:-1, max-image-preview:large, max-video-preview:-1\" \/>\n<link rel=\"canonical\" href=\"https:\/\/gruptort.com\/ca\/politica-de-privacitat\/\" \/>\n<meta property=\"og:locale\" content=\"ca_ES\" \/>\n<meta property=\"og:type\" content=\"article\" \/>\n<meta property=\"og:title\" content=\"Pol\u00edtica de privacitat\" \/>\n<meta property=\"og:description\" content=\"Pol\u00edtica de privacitat del Grup Tort.\" \/>\n<meta property=\"og:url\" content=\"https:\/\/gruptort.com\/ca\/politica-de-privacitat\/\" \/>\n<meta property=\"og:site_name\" content=\"Grup Tort\" \/>\n<meta property=\"article:modified_time\" content=\"2026-03-09T07:44:33+00:00\" \/>\n<meta name=\"twitter:card\" content=\"summary_large_image\" \/>\n<meta name=\"twitter:label1\" content=\"Temps estimat de lectura\" \/>\n\t<meta name=\"twitter:data1\" content=\"4 minuts\" \/>\n<script type=\"application\/ld+json\" class=\"yoast-schema-graph\">{\"@context\":\"https:\\\/\\\/schema.org\",\"@graph\":[{\"@type\":\"WebPage\",\"@id\":\"https:\\\/\\\/gruptort.com\\\/ca\\\/politica-de-privacitat\\\/\",\"url\":\"https:\\\/\\\/gruptort.com\\\/ca\\\/politica-de-privacitat\\\/\",\"name\":\"Pol\u00edtica de privacitat\",\"isPartOf\":{\"@id\":\"https:\\\/\\\/gruptort.com\\\/#website\"},\"datePublished\":\"2019-11-19T17:25:07+00:00\",\"dateModified\":\"2026-03-09T07:44:33+00:00\",\"description\":\"Pol\u00edtica de privacitat del Grup Tort.\",\"breadcrumb\":{\"@id\":\"https:\\\/\\\/gruptort.com\\\/ca\\\/politica-de-privacitat\\\/#breadcrumb\"},\"inLanguage\":\"ca\",\"potentialAction\":[{\"@type\":\"ReadAction\",\"target\":[\"https:\\\/\\\/gruptort.com\\\/ca\\\/politica-de-privacitat\\\/\"]}]},{\"@type\":\"BreadcrumbList\",\"@id\":\"https:\\\/\\\/gruptort.com\\\/ca\\\/politica-de-privacitat\\\/#breadcrumb\",\"itemListElement\":[{\"@type\":\"ListItem\",\"position\":1,\"name\":\"Home\",\"item\":\"https:\\\/\\\/gruptort.com\\\/ca\\\/\"},{\"@type\":\"ListItem\",\"position\":2,\"name\":\"Pol\u00edtica de privacitat\"}]},{\"@type\":\"WebSite\",\"@id\":\"https:\\\/\\\/gruptort.com\\\/#website\",\"url\":\"https:\\\/\\\/gruptort.com\\\/\",\"name\":\"Grup Tort\",\"description\":\"\",\"publisher\":{\"@id\":\"https:\\\/\\\/gruptort.com\\\/#organization\"},\"potentialAction\":[{\"@type\":\"SearchAction\",\"target\":{\"@type\":\"EntryPoint\",\"urlTemplate\":\"https:\\\/\\\/gruptort.com\\\/?s={search_term_string}\"},\"query-input\":{\"@type\":\"PropertyValueSpecification\",\"valueRequired\":true,\"valueName\":\"search_term_string\"}}],\"inLanguage\":\"ca\"},{\"@type\":\"Organization\",\"@id\":\"https:\\\/\\\/gruptort.com\\\/#organization\",\"name\":\"Grup Tort\",\"url\":\"https:\\\/\\\/gruptort.com\\\/\",\"logo\":{\"@type\":\"ImageObject\",\"inLanguage\":\"ca\",\"@id\":\"https:\\\/\\\/gruptort.com\\\/#\\\/schema\\\/logo\\\/image\\\/\",\"url\":\"https:\\\/\\\/gruptort.com\\\/wp-content\\\/uploads\\\/tort-144.png\",\"contentUrl\":\"https:\\\/\\\/gruptort.com\\\/wp-content\\\/uploads\\\/tort-144.png\",\"width\":144,\"height\":125,\"caption\":\"Grup Tort\"},\"image\":{\"@id\":\"https:\\\/\\\/gruptort.com\\\/#\\\/schema\\\/logo\\\/image\\\/\"}}]}<\/script>\n<!-- \/ Yoast SEO plugin. -->","yoast_head_json":{"title":"Pol\u00edtica de privacitat","description":"Pol\u00edtica de privacitat del Grup Tort.","robots":{"index":"index","follow":"follow","max-snippet":"max-snippet:-1","max-image-preview":"max-image-preview:large","max-video-preview":"max-video-preview:-1"},"canonical":"https:\/\/gruptort.com\/ca\/politica-de-privacitat\/","og_locale":"ca_ES","og_type":"article","og_title":"Pol\u00edtica de privacitat","og_description":"Pol\u00edtica de privacitat del Grup Tort.","og_url":"https:\/\/gruptort.com\/ca\/politica-de-privacitat\/","og_site_name":"Grup Tort","article_modified_time":"2026-03-09T07:44:33+00:00","twitter_card":"summary_large_image","twitter_misc":{"Temps estimat de lectura":"4 minuts"},"schema":{"@context":"https:\/\/schema.org","@graph":[{"@type":"WebPage","@id":"https:\/\/gruptort.com\/ca\/politica-de-privacitat\/","url":"https:\/\/gruptort.com\/ca\/politica-de-privacitat\/","name":"Pol\u00edtica de privacitat","isPartOf":{"@id":"https:\/\/gruptort.com\/#website"},"datePublished":"2019-11-19T17:25:07+00:00","dateModified":"2026-03-09T07:44:33+00:00","description":"Pol\u00edtica de privacitat del Grup Tort.","breadcrumb":{"@id":"https:\/\/gruptort.com\/ca\/politica-de-privacitat\/#breadcrumb"},"inLanguage":"ca","potentialAction":[{"@type":"ReadAction","target":["https:\/\/gruptort.com\/ca\/politica-de-privacitat\/"]}]},{"@type":"BreadcrumbList","@id":"https:\/\/gruptort.com\/ca\/politica-de-privacitat\/#breadcrumb","itemListElement":[{"@type":"ListItem","position":1,"name":"Home","item":"https:\/\/gruptort.com\/ca\/"},{"@type":"ListItem","position":2,"name":"Pol\u00edtica de privacitat"}]},{"@type":"WebSite","@id":"https:\/\/gruptort.com\/#website","url":"https:\/\/gruptort.com\/","name":"Grup Tort","description":"","publisher":{"@id":"https:\/\/gruptort.com\/#organization"},"potentialAction":[{"@type":"SearchAction","target":{"@type":"EntryPoint","urlTemplate":"https:\/\/gruptort.com\/?s={search_term_string}"},"query-input":{"@type":"PropertyValueSpecification","valueRequired":true,"valueName":"search_term_string"}}],"inLanguage":"ca"},{"@type":"Organization","@id":"https:\/\/gruptort.com\/#organization","name":"Grup Tort","url":"https:\/\/gruptort.com\/","logo":{"@type":"ImageObject","inLanguage":"ca","@id":"https:\/\/gruptort.com\/#\/schema\/logo\/image\/","url":"https:\/\/gruptort.com\/wp-content\/uploads\/tort-144.png","contentUrl":"https:\/\/gruptort.com\/wp-content\/uploads\/tort-144.png","width":144,"height":125,"caption":"Grup Tort"},"image":{"@id":"https:\/\/gruptort.com\/#\/schema\/logo\/image\/"}}]}},"_links":{"self":[{"href":"https:\/\/gruptort.com\/ca\/wp-json\/wp\/v2\/pages\/4393","targetHints":{"allow":["GET"]}}],"collection":[{"href":"https:\/\/gruptort.com\/ca\/wp-json\/wp\/v2\/pages"}],"about":[{"href":"https:\/\/gruptort.com\/ca\/wp-json\/wp\/v2\/types\/page"}],"author":[{"embeddable":true,"href":"https:\/\/gruptort.com\/ca\/wp-json\/wp\/v2\/users\/1"}],"replies":[{"embeddable":true,"href":"https:\/\/gruptort.com\/ca\/wp-json\/wp\/v2\/comments?post=4393"}],"version-history":[{"count":8,"href":"https:\/\/gruptort.com\/ca\/wp-json\/wp\/v2\/pages\/4393\/revisions"}],"predecessor-version":[{"id":7862,"href":"https:\/\/gruptort.com\/ca\/wp-json\/wp\/v2\/pages\/4393\/revisions\/7862"}],"wp:attachment":[{"href":"https:\/\/gruptort.com\/ca\/wp-json\/wp\/v2\/media?parent=4393"}],"curies":[{"name":"wp","href":"https:\/\/api.w.org\/{rel}","templated":true}]}}