{"id":3956,"date":"2019-07-16T10:11:05","date_gmt":"2019-07-16T08:11:05","guid":{"rendered":"https:\/\/gruptort.com\/locales-comerciales-venta-alquiler\/"},"modified":"2020-06-02T16:24:02","modified_gmt":"2020-06-02T14:24:02","slug":"locals-comercials-venda-lloguer","status":"publish","type":"page","link":"https:\/\/gruptort.com\/ca\/locals-comercials-venda-lloguer\/","title":{"rendered":"Locals comercials"},"content":{"rendered":"<p><div class=\"fusion-fullwidth fullwidth-box fusion-builder-row-1 fusion-parallax-none nonhundred-percent-fullwidth non-hundred-percent-height-scrolling lazyload\" style=\"--awb-background-blend-mode:color-burn;--awb-border-radius-top-left:0px;--awb-border-radius-top-right:0px;--awb-border-radius-bottom-right:0px;--awb-border-radius-bottom-left:0px;--awb-padding-top:3%;--awb-padding-right:3%;--awb-padding-bottom:0px;--awb-padding-left:3%;--awb-margin-bottom:0px;--awb-background-color:#bb172b;--awb-background-size:cover;--awb-flex-wrap:wrap;\" data-bg=\"\/wp-content\/uploads\/imagen_promotora02.jpg\" ><div class=\"fusion-builder-row fusion-row\"><div class=\"fusion-layout-column fusion_builder_column fusion-builder-column-0 fusion_builder_column_1_1 1_1 fusion-one-full fusion-column-first fusion-column-last\" style=\"--awb-bg-size:cover;\"><div class=\"fusion-column-wrapper fusion-column-has-shadow fusion-flex-column-wrapper-legacy\"><div class=\"fusion-title title fusion-title-1 fusion-sep-none fusion-title-center fusion-title-text fusion-title-size-one\" style=\"--awb-text-color:#ffffff;--awb-margin-top-small:0px;--awb-margin-right-small:0px;--awb-margin-bottom-small:20px;--awb-margin-left-small:0px;\"><h1 class=\"fusion-title-heading title-heading-center fusion-responsive-typography-calculated\" style=\"margin:0;--fontSize:35;line-height:1.40;\">Locals comercials en Venda o Lloguer<\/h1><\/div><div class=\"fusion-sep-clear\"><\/div><div class=\"fusion-separator\" style=\"margin-left: auto;margin-right: auto;margin-top:1%;margin-bottom:3%;width:100%;max-width:50%;\"><div class=\"fusion-separator-border sep-shadow\" style=\"--awb-height:20px;--awb-amount:20px;--awb-sep-color:#ffffff;background:radial-gradient(ellipse at 50% -50% , #ffffff 0px, rgba(255, 255, 255, 0) 80%) repeat scroll 0 0 rgba(0, 0, 0, 0);background:-webkit-radial-gradient(ellipse at 50% -50% , #ffffff 0px, rgba(255, 255, 255, 0) 80%) repeat scroll 0 0 rgba(0, 0, 0, 0);background:-moz-radial-gradient(ellipse at 50% -50% , #ffffff 0px, rgba(255, 255, 255, 0) 80%) repeat scroll 0 0 rgba(0, 0, 0, 0);background:-o-radial-gradient(ellipse at 50% -50% , #ffffff 0px, rgba(255, 255, 255, 0) 80%) repeat scroll 0 0 rgba(0, 0, 0, 0);\"><\/div><\/div><div class=\"fusion-sep-clear\"><\/div><div class=\"fusion-clearfix\"><\/div><\/div><\/div><div class=\"fusion-layout-column fusion_builder_column fusion-builder-column-1 fusion_builder_column_1_1 1_1 fusion-one-full fusion-column-first fusion-column-last\" style=\"--awb-bg-size:cover;\"><div class=\"fusion-column-wrapper fusion-column-has-shadow fusion-flex-column-wrapper-legacy\"><div class=\"fusion-section-separator section-separator big-half-circle fusion-section-separator-1\" style=\"--awb-spacer-height:99px;--awb-svg-margin-left:0;--awb-svg-margin-right:0;--awb-divider-height:99px;--awb-spacer-padding-top:inherit;--awb-sep-padding:0;--awb-svg-padding:0;\"><div class=\"fusion-section-separator-svg\"><svg class=\"fusion-big-half-circle-candy\" xmlns=\"http:\/\/www.w3.org\/2000\/svg\" version=\"1.1\" width=\"100%\" height=\"100\" viewBox=\"0 0 100 100\" preserveAspectRatio=\"none\" fill=\"rgba(255,255,255,1)\"><path d=\"M0 100 C40 0 60 0 100 100 Z\"><\/path><\/svg><\/div><div class=\"fusion-section-separator-spacer\"><div class=\"fusion-section-separator-spacer-height\"><\/div><\/div><\/div><div class=\"fusion-clearfix\"><\/div><\/div><\/div><\/div><\/div><div class=\"fusion-fullwidth fullwidth-box fusion-builder-row-2 nonhundred-percent-fullwidth non-hundred-percent-height-scrolling fusion-equal-height-columns mobile\" style=\"--awb-border-radius-top-left:0px;--awb-border-radius-top-right:0px;--awb-border-radius-bottom-right:0px;--awb-border-radius-bottom-left:0px;--awb-padding-top:3%;--awb-padding-right:0px;--awb-padding-bottom:-8%;--awb-padding-left:0px;--awb-margin-top:0px;--awb-margin-bottom:0px;--awb-background-color:#ffffff;--awb-border-sizes-top:0px;--awb-border-sizes-bottom:0px;--awb-flex-wrap:wrap;\" ><div class=\"fusion-builder-row fusion-row\"><div class=\"fusion-layout-column fusion_builder_column fusion-builder-column-2 fusion_builder_column_1_1 1_1 fusion-one-full fusion-column-first fusion-column-last\" style=\"--awb-padding-top:0px;--awb-padding-right:0px;--awb-padding-bottom:0px;--awb-padding-left:0px;--awb-bg-size:cover;\"><div class=\"fusion-column-wrapper fusion-column-has-shadow fusion-flex-column-wrapper-legacy\"><div class=\"fusion-image-element fusion-image-align-center in-legacy-container\" style=\"text-align:center;--awb-caption-title-font-family:var(--h2_typography-font-family);--awb-caption-title-font-weight:var(--h2_typography-font-weight);--awb-caption-title-font-style:var(--h2_typography-font-style);--awb-caption-title-size:var(--h2_typography-font-size);--awb-caption-title-transform:var(--h2_typography-text-transform);--awb-caption-title-line-height:var(--h2_typography-line-height);--awb-caption-title-letter-spacing:var(--h2_typography-letter-spacing);\"><div class=\"imageframe-align-center\"><span class=\" fusion-imageframe imageframe-none imageframe-1 hover-type-none\"><img decoding=\"async\" width=\"144\" height=\"125\" alt=\"Promociones Inmobiliarias Grup Tort\" title=\"GRUP TORT\" src=\"data:image\/svg+xml,%3Csvg%20xmlns%3D%27http%3A%2F%2Fwww.w3.org%2F2000%2Fsvg%27%20width%3D%27144%27%20height%3D%27125%27%20viewBox%3D%270%200%20144%20125%27%3E%3Crect%20width%3D%27144%27%20height%3D%27125%27%20fill-opacity%3D%220%22%2F%3E%3C%2Fsvg%3E\" data-orig-src=\"\/wp-content\/uploads\/tort-144.png\" class=\"lazyload img-responsive wp-image-423\"\/><\/span><\/div><\/div><div class=\"fusion-sep-clear\"><\/div><div class=\"fusion-separator fusion-full-width-sep\" style=\"margin-left: auto;margin-right: auto;margin-top:1%;margin-bottom:1%;width:100%;\"><\/div><div class=\"fusion-sep-clear\"><\/div><div class=\"fusion-title title fusion-title-2 sep-underline sep-solid fusion-title-center fusion-title-text fusion-title-size-three\" style=\"--awb-text-color:#4b5863;--awb-margin-top-small:0px;--awb-margin-right-small:0px;--awb-margin-bottom-small:20px;--awb-margin-left-small:0px;--awb-font-size:35px;\"><h3 class=\"fusion-title-heading title-heading-center fusion-responsive-typography-calculated\" style=\"margin:0;font-size:1em;--fontSize:35;line-height:1.45;\"><h2><strong><span style=\"color: #000000;\"> El local perfecte per a fer cr\u00e9ixer el teu negoci<\/span><\/strong><\/h2><\/h3><\/div><div class=\"fusion-clearfix\"><\/div><\/div><\/div><div class=\"fusion-layout-column fusion_builder_column fusion-builder-column-3 fusion_builder_column_1_1 1_1 fusion-one-full fusion-column-first fusion-column-last\" style=\"--awb-bg-size:cover;\"><div class=\"fusion-column-wrapper fusion-column-has-shadow fusion-flex-column-wrapper-legacy\"><div class=\"fusion-text fusion-text-1 justificado\"><p class=\"title-heading-center\" data-inline-fontsize=\"1em\" data-fontsize=\"25\" data-lineheight=\"32\"><span class=\"fusion-highlighted-text-prefix\"><span class=\"grup\">GRUP<\/span><span class=\"tort\">TORT <\/span> construeix i promociona locals comercials en venda o lloguer a les zones de Barcelona i el Vall\u00e8s. Adquireix un dels nostres locals per muntar i fer cr\u00e9ixer el teu negoci amb la infraestructura adequada.<\/span><\/p>\n<\/div><div class=\"fusion-clearfix\"><\/div><\/div><\/div><\/div><\/div><div class=\"fusion-fullwidth fullwidth-box fusion-builder-row-3 nonhundred-percent-fullwidth non-hundred-percent-height-scrolling mobile2\" style=\"--awb-border-radius-top-left:0px;--awb-border-radius-top-right:0px;--awb-border-radius-bottom-right:0px;--awb-border-radius-bottom-left:0px;--awb-padding-top:0px;--awb-padding-right:0px;--awb-padding-bottom:0px;--awb-padding-left:0px;--awb-margin-top:-5%;--awb-margin-bottom:0px;--awb-flex-wrap:wrap;\" ><div class=\"fusion-builder-row fusion-row\"><div class=\"fusion-layout-column fusion_builder_column fusion-builder-column-4 fusion_builder_column_1_1 1_1 fusion-one-full fusion-column-first fusion-column-last\" style=\"--awb-padding-top:0px;--awb-padding-right:0%;--awb-padding-bottom:2%;--awb-padding-left:0%;--awb-bg-size:cover;\"><div class=\"fusion-column-wrapper fusion-column-has-shadow fusion-flex-column-wrapper-legacy\"><div class=\"fusion-recent-works fusion-portfolio-element fusion-portfolio fusion-portfolio-1 fusion-portfolio-grid fusion-portfolio-paging-load-more-button fusion-portfolio-two fusion-portfolio-no_text fusion-portfolio-rollover\" data-id=\"-rw-1\" data-columns=\"two\"><div><ul class=\"fusion-filters\" role=\"menu\" aria-label=\"Portfolio Filters\"><li role=\"presentation\" class=\"fusion-filter fusion-filter-all fusion-active\"><a href=\"#\" data-filter=\"*\" role=\"menuitem\">Tots<\/a><\/li><li role=\"presentation\" class=\"fusion-filter fusion-hidden\"><a href=\"#\" data-filter=\".locals-comercials-venda-lloguer\" role=\"menuitem\">Locals disponibles<\/a><\/li><li role=\"presentation\" class=\"fusion-filter fusion-hidden\"><a href=\"#\" data-filter=\".locals-no-disponibles\" role=\"menuitem\">Locals no disponibles<\/a><\/li><\/ul><\/div><style type=\"text\/css\">.fusion-portfolio-1 .fusion-portfolio-wrapper .fusion-col-spacing{padding:2.5px;}<\/style><div class=\"fusion-portfolio-wrapper\" id=\"fusion-portfolio-1\" data-picturesize=\"auto\" data-pages=\"1\" style=\"margin:-2.5px;\"><article id=\"portfolio-1-post-4235\" class=\"fusion-portfolio-post locals-no-disponibles fusion-col-spacing post-4235\"><div class=\"fusion-portfolio-content-wrapper\" style=\"border:none;\"><span class=\"entry-title rich-snippet-hidden\">Local comercial a Montcada Centre<\/span><div  class=\"fusion-image-wrapper\" aria-haspopup=\"true\">\n\t\t\t\t<img decoding=\"async\" width=\"1300\" height=\"731\" src=\"https:\/\/gruptort.com\/wp-content\/uploads\/venut-2.jpg\" class=\"attachment-full size-full lazyload wp-post-image\" alt=\"Grup Tort ha iniciat la promoci\u00f3 de locals comercials en ple centre de Montcada i Reixac.\" srcset=\"data:image\/svg+xml,%3Csvg%20xmlns%3D%27http%3A%2F%2Fwww.w3.org%2F2000%2Fsvg%27%20width%3D%271300%27%20height%3D%27731%27%20viewBox%3D%270%200%201300%20731%27%3E%3Crect%20width%3D%271300%27%20height%3D%27731%27%20fill-opacity%3D%220%22%2F%3E%3C%2Fsvg%3E\" data-orig-src=\"https:\/\/gruptort.com\/wp-content\/uploads\/venut-2.jpg\" data-srcset=\"https:\/\/gruptort.com\/wp-content\/uploads\/venut-2-200x112.jpg 200w, https:\/\/gruptort.com\/wp-content\/uploads\/venut-2-400x225.jpg 400w, https:\/\/gruptort.com\/wp-content\/uploads\/venut-2-600x337.jpg 600w, https:\/\/gruptort.com\/wp-content\/uploads\/venut-2-800x450.jpg 800w, https:\/\/gruptort.com\/wp-content\/uploads\/venut-2-1200x675.jpg 1200w, https:\/\/gruptort.com\/wp-content\/uploads\/venut-2.jpg 1300w\" data-sizes=\"auto\" \/><div class=\"fusion-rollover\">\n\t<div class=\"fusion-rollover-content\">\n\n\t\t\t\t\n\t\t\n\t\t\t\t\t\t\t\t\t\t\t\t<h4 class=\"fusion-rollover-title\">\n\t\t\t\t\t<a class=\"fusion-rollover-title-link\" href=\"https:\/\/gruptort.com\/ca\/promociones\/local-comercial-a-montcada-centre\/\">\n\t\t\t\t\t\tLocal comercial a Montcada Centre\t\t\t\t\t<\/a>\n\t\t\t\t<\/h4>\n\t\t\t\n\t\t\t\t\t\t\t\t\n\t\t\n\t\t\t\t\t\t<a class=\"fusion-link-wrapper\" href=\"https:\/\/gruptort.com\/ca\/promociones\/local-comercial-a-montcada-centre\/\" aria-label=\"Local comercial a Montcada Centre\"><\/a>\n\t<\/div>\n<\/div>\n<\/div>\n<\/div><\/article><article id=\"portfolio-1-post-4255\" class=\"fusion-portfolio-post locals-comercials-venda-lloguer fusion-col-spacing post-4255\"><div class=\"fusion-portfolio-content-wrapper\" style=\"border:none;\"><span class=\"entry-title rich-snippet-hidden\">Locals comercials a la garriga, en venda o en lloguer<\/span><div  class=\"fusion-image-wrapper\" aria-haspopup=\"true\">\n\t\t\t\t<img decoding=\"async\" width=\"735\" height=\"415\" src=\"https:\/\/gruptort.com\/wp-content\/uploads\/local-1-e1581355402405.jpg\" class=\"attachment-full size-full lazyload wp-post-image\" alt=\"local comercial en alquiler\" srcset=\"data:image\/svg+xml,%3Csvg%20xmlns%3D%27http%3A%2F%2Fwww.w3.org%2F2000%2Fsvg%27%20width%3D%27735%27%20height%3D%27415%27%20viewBox%3D%270%200%20735%20415%27%3E%3Crect%20width%3D%27735%27%20height%3D%27415%27%20fill-opacity%3D%220%22%2F%3E%3C%2Fsvg%3E\" data-orig-src=\"https:\/\/gruptort.com\/wp-content\/uploads\/local-1-e1581355402405.jpg\" data-srcset=\"https:\/\/gruptort.com\/wp-content\/uploads\/local-1-e1581355402405-200x113.jpg 200w, https:\/\/gruptort.com\/wp-content\/uploads\/local-1-e1581355402405-400x226.jpg 400w, https:\/\/gruptort.com\/wp-content\/uploads\/local-1-e1581355402405-600x339.jpg 600w, https:\/\/gruptort.com\/wp-content\/uploads\/local-1-e1581355402405.jpg 735w\" data-sizes=\"auto\" \/><div class=\"fusion-rollover\">\n\t<div class=\"fusion-rollover-content\">\n\n\t\t\t\t\n\t\t\n\t\t\t\t\t\t\t\t\t\t\t\t<h4 class=\"fusion-rollover-title\">\n\t\t\t\t\t<a class=\"fusion-rollover-title-link\" href=\"https:\/\/gruptort.com\/ca\/promociones\/local-comercial-a-la-garriga\/\">\n\t\t\t\t\t\tLocals comercials a la garriga, en venda o en lloguer\t\t\t\t\t<\/a>\n\t\t\t\t<\/h4>\n\t\t\t\n\t\t\t\t\t\t\t\t\n\t\t\n\t\t\t\t\t\t<a class=\"fusion-link-wrapper\" href=\"https:\/\/gruptort.com\/ca\/promociones\/local-comercial-a-la-garriga\/\" aria-label=\"Locals comercials a la garriga, en venda o en lloguer\"><\/a>\n\t<\/div>\n<\/div>\n<\/div>\n<\/div><\/article><\/div><\/div><div class=\"fusion-sep-clear\"><\/div><div class=\"fusion-separator fusion-full-width-sep\" style=\"margin-left: auto;margin-right: auto;margin-top:1%;margin-bottom:1%;width:100%;\"><\/div><div class=\"fusion-sep-clear\"><\/div><div class=\"fusion-clearfix\"><\/div><\/div><\/div><\/div><\/div><\/p>\n","protected":false},"excerpt":{"rendered":"","protected":false},"author":1,"featured_media":0,"parent":0,"menu_order":0,"comment_status":"closed","ping_status":"closed","template":"100-width.php","meta":{"footnotes":""},"class_list":["post-3956","page","type-page","status-publish","hentry"],"yoast_head":"<!-- This site is optimized with the Yoast SEO plugin v27.4 - https:\/\/yoast.com\/product\/yoast-seo-wordpress\/ -->\n<title>Locals comercials en venda o lloguer Barcelona i el Vall\u00e9s<\/title>\n<meta name=\"description\" content=\"Tenim locals comercials en venda o lloguer perqu\u00e8 puguis muntar el teu propi negoci en diferents ubicacions de Barcelona i el Vall\u00e8s.\" \/>\n<meta name=\"robots\" content=\"index, follow, max-snippet:-1, max-image-preview:large, max-video-preview:-1\" \/>\n<link rel=\"canonical\" href=\"https:\/\/gruptort.com\/ca\/locals-comercials-venda-lloguer\/\" \/>\n<meta property=\"og:locale\" content=\"ca_ES\" \/>\n<meta property=\"og:type\" content=\"article\" \/>\n<meta property=\"og:title\" content=\"Locals comercials en venda o lloguer Barcelona i el Vall\u00e9s\" \/>\n<meta property=\"og:description\" content=\"Tenim locals comercials en venda o lloguer perqu\u00e8 puguis muntar el teu propi negoci en diferents ubicacions de Barcelona i el Vall\u00e8s.\" \/>\n<meta property=\"og:url\" content=\"https:\/\/gruptort.com\/ca\/locals-comercials-venda-lloguer\/\" \/>\n<meta property=\"og:site_name\" content=\"Grup Tort\" \/>\n<meta property=\"article:modified_time\" content=\"2020-06-02T14:24:02+00:00\" \/>\n<meta name=\"twitter:card\" content=\"summary_large_image\" \/>\n<meta name=\"twitter:label1\" content=\"Temps estimat de lectura\" \/>\n\t<meta name=\"twitter:data1\" content=\"10 minuts\" \/>\n<script type=\"application\/ld+json\" class=\"yoast-schema-graph\">{\"@context\":\"https:\\\/\\\/schema.org\",\"@graph\":[{\"@type\":\"WebPage\",\"@id\":\"https:\\\/\\\/gruptort.com\\\/ca\\\/locals-comercials-venda-lloguer\\\/\",\"url\":\"https:\\\/\\\/gruptort.com\\\/ca\\\/locals-comercials-venda-lloguer\\\/\",\"name\":\"Locals comercials en venda o lloguer Barcelona i el Vall\u00e9s\",\"isPartOf\":{\"@id\":\"https:\\\/\\\/gruptort.com\\\/#website\"},\"datePublished\":\"2019-07-16T08:11:05+00:00\",\"dateModified\":\"2020-06-02T14:24:02+00:00\",\"description\":\"Tenim locals comercials en venda o lloguer perqu\u00e8 puguis muntar el teu propi negoci en diferents ubicacions de Barcelona i el Vall\u00e8s.\",\"breadcrumb\":{\"@id\":\"https:\\\/\\\/gruptort.com\\\/ca\\\/locals-comercials-venda-lloguer\\\/#breadcrumb\"},\"inLanguage\":\"ca\",\"potentialAction\":[{\"@type\":\"ReadAction\",\"target\":[\"https:\\\/\\\/gruptort.com\\\/ca\\\/locals-comercials-venda-lloguer\\\/\"]}]},{\"@type\":\"BreadcrumbList\",\"@id\":\"https:\\\/\\\/gruptort.com\\\/ca\\\/locals-comercials-venda-lloguer\\\/#breadcrumb\",\"itemListElement\":[{\"@type\":\"ListItem\",\"position\":1,\"name\":\"Home\",\"item\":\"https:\\\/\\\/gruptort.com\\\/ca\\\/\"},{\"@type\":\"ListItem\",\"position\":2,\"name\":\"Locals comercials\"}]},{\"@type\":\"WebSite\",\"@id\":\"https:\\\/\\\/gruptort.com\\\/#website\",\"url\":\"https:\\\/\\\/gruptort.com\\\/\",\"name\":\"Grup Tort\",\"description\":\"\",\"publisher\":{\"@id\":\"https:\\\/\\\/gruptort.com\\\/#organization\"},\"potentialAction\":[{\"@type\":\"SearchAction\",\"target\":{\"@type\":\"EntryPoint\",\"urlTemplate\":\"https:\\\/\\\/gruptort.com\\\/?s={search_term_string}\"},\"query-input\":{\"@type\":\"PropertyValueSpecification\",\"valueRequired\":true,\"valueName\":\"search_term_string\"}}],\"inLanguage\":\"ca\"},{\"@type\":\"Organization\",\"@id\":\"https:\\\/\\\/gruptort.com\\\/#organization\",\"name\":\"Grup Tort\",\"url\":\"https:\\\/\\\/gruptort.com\\\/\",\"logo\":{\"@type\":\"ImageObject\",\"inLanguage\":\"ca\",\"@id\":\"https:\\\/\\\/gruptort.com\\\/#\\\/schema\\\/logo\\\/image\\\/\",\"url\":\"https:\\\/\\\/gruptort.com\\\/wp-content\\\/uploads\\\/tort-144.png\",\"contentUrl\":\"https:\\\/\\\/gruptort.com\\\/wp-content\\\/uploads\\\/tort-144.png\",\"width\":144,\"height\":125,\"caption\":\"Grup Tort\"},\"image\":{\"@id\":\"https:\\\/\\\/gruptort.com\\\/#\\\/schema\\\/logo\\\/image\\\/\"}}]}<\/script>\n<!-- \/ Yoast SEO plugin. -->","yoast_head_json":{"title":"Locals comercials en venda o lloguer Barcelona i el Vall\u00e9s","description":"Tenim locals comercials en venda o lloguer perqu\u00e8 puguis muntar el teu propi negoci en diferents ubicacions de Barcelona i el Vall\u00e8s.","robots":{"index":"index","follow":"follow","max-snippet":"max-snippet:-1","max-image-preview":"max-image-preview:large","max-video-preview":"max-video-preview:-1"},"canonical":"https:\/\/gruptort.com\/ca\/locals-comercials-venda-lloguer\/","og_locale":"ca_ES","og_type":"article","og_title":"Locals comercials en venda o lloguer Barcelona i el Vall\u00e9s","og_description":"Tenim locals comercials en venda o lloguer perqu\u00e8 puguis muntar el teu propi negoci en diferents ubicacions de Barcelona i el Vall\u00e8s.","og_url":"https:\/\/gruptort.com\/ca\/locals-comercials-venda-lloguer\/","og_site_name":"Grup Tort","article_modified_time":"2020-06-02T14:24:02+00:00","twitter_card":"summary_large_image","twitter_misc":{"Temps estimat de lectura":"10 minuts"},"schema":{"@context":"https:\/\/schema.org","@graph":[{"@type":"WebPage","@id":"https:\/\/gruptort.com\/ca\/locals-comercials-venda-lloguer\/","url":"https:\/\/gruptort.com\/ca\/locals-comercials-venda-lloguer\/","name":"Locals comercials en venda o lloguer Barcelona i el Vall\u00e9s","isPartOf":{"@id":"https:\/\/gruptort.com\/#website"},"datePublished":"2019-07-16T08:11:05+00:00","dateModified":"2020-06-02T14:24:02+00:00","description":"Tenim locals comercials en venda o lloguer perqu\u00e8 puguis muntar el teu propi negoci en diferents ubicacions de Barcelona i el Vall\u00e8s.","breadcrumb":{"@id":"https:\/\/gruptort.com\/ca\/locals-comercials-venda-lloguer\/#breadcrumb"},"inLanguage":"ca","potentialAction":[{"@type":"ReadAction","target":["https:\/\/gruptort.com\/ca\/locals-comercials-venda-lloguer\/"]}]},{"@type":"BreadcrumbList","@id":"https:\/\/gruptort.com\/ca\/locals-comercials-venda-lloguer\/#breadcrumb","itemListElement":[{"@type":"ListItem","position":1,"name":"Home","item":"https:\/\/gruptort.com\/ca\/"},{"@type":"ListItem","position":2,"name":"Locals comercials"}]},{"@type":"WebSite","@id":"https:\/\/gruptort.com\/#website","url":"https:\/\/gruptort.com\/","name":"Grup Tort","description":"","publisher":{"@id":"https:\/\/gruptort.com\/#organization"},"potentialAction":[{"@type":"SearchAction","target":{"@type":"EntryPoint","urlTemplate":"https:\/\/gruptort.com\/?s={search_term_string}"},"query-input":{"@type":"PropertyValueSpecification","valueRequired":true,"valueName":"search_term_string"}}],"inLanguage":"ca"},{"@type":"Organization","@id":"https:\/\/gruptort.com\/#organization","name":"Grup Tort","url":"https:\/\/gruptort.com\/","logo":{"@type":"ImageObject","inLanguage":"ca","@id":"https:\/\/gruptort.com\/#\/schema\/logo\/image\/","url":"https:\/\/gruptort.com\/wp-content\/uploads\/tort-144.png","contentUrl":"https:\/\/gruptort.com\/wp-content\/uploads\/tort-144.png","width":144,"height":125,"caption":"Grup Tort"},"image":{"@id":"https:\/\/gruptort.com\/#\/schema\/logo\/image\/"}}]}},"_links":{"self":[{"href":"https:\/\/gruptort.com\/ca\/wp-json\/wp\/v2\/pages\/3956","targetHints":{"allow":["GET"]}}],"collection":[{"href":"https:\/\/gruptort.com\/ca\/wp-json\/wp\/v2\/pages"}],"about":[{"href":"https:\/\/gruptort.com\/ca\/wp-json\/wp\/v2\/types\/page"}],"author":[{"embeddable":true,"href":"https:\/\/gruptort.com\/ca\/wp-json\/wp\/v2\/users\/1"}],"replies":[{"embeddable":true,"href":"https:\/\/gruptort.com\/ca\/wp-json\/wp\/v2\/comments?post=3956"}],"version-history":[{"count":6,"href":"https:\/\/gruptort.com\/ca\/wp-json\/wp\/v2\/pages\/3956\/revisions"}],"predecessor-version":[{"id":4884,"href":"https:\/\/gruptort.com\/ca\/wp-json\/wp\/v2\/pages\/3956\/revisions\/4884"}],"wp:attachment":[{"href":"https:\/\/gruptort.com\/ca\/wp-json\/wp\/v2\/media?parent=3956"}],"curies":[{"name":"wp","href":"https:\/\/api.w.org\/{rel}","templated":true}]}}